{"id":1271,"date":"2016-02-26T15:08:18","date_gmt":"2016-02-26T15:08:18","guid":{"rendered":"http:\/\/connection.modeltheme.com\/?page_id=1271"},"modified":"2023-03-15T13:06:14","modified_gmt":"2023-03-15T13:06:14","slug":"kontakt","status":"publish","type":"page","link":"https:\/\/vile.si\/en\/kontakt\/","title":{"rendered":"Contact"},"content":{"rendered":"<section class=\"wpb-content-wrapper\"><div data-vc-full-width=\"true\" data-vc-full-width-init=\"false\" data-vc-stretch-content=\"true\" class=\"vc_row wpb_row vc_row-fluid vc_custom_1676497438019 vc_row-no-padding vc_row-o-content-middle vc_row-flex\"><div class=\"wpb_column vc_column_container vc_col-sm-12\"><div class=\"vc_column-inner vc_custom_1497357227698\"><div class=\"wpb_wrapper\">\n\t<div class=\"wpb_text_column wpb_content_element\" >\n\t\t<div class=\"wpb_wrapper\">\n\t\t\t<div class=\"sbvcgmap-map-wrapper\" style=\"width:100%;height:600px\"><div class=\"sbvcgmap-map\" zoom=\"14\" maptype=\"ROADMAP\" panoramatogglebutton=\"no\" pancontrol=\"yes\" pancontrol_position=\"TOP_LEFT\" zoomcontrol=\"no\" zoomcontrol_position=\"TOP_LEFT\" zoomcontrolstyle=\"DEFAULT\" maptypecontrol=\"yes\" maptypecontrol_position=\"TOP_RIGHT\" streetviewcontrol=\"yes\" streetviewcontrol_position=\"TOP_LEFT\" overviewmapcontrol=\"yes\" overviewmapcontrolvisible=\"no\" maptypecontrolstyle=\"DEFAULT\" mapstyle=\"style-55\" weather=\"no\" traffic=\"no\" transit=\"no\" bicycle=\"no\" panoramio=\"no\" draggable=\"yes\" scrollwheel=\"no\" cplatitude=\"0\" cplongitude=\"0\" scalecontrol=\"yes\" searchtype=\"disabled\" searchradius=\"500\" searchiconanimation=\"NONE\" searchdirectiontext=\"\" reloadonresize=\"no\" clustering=\"no\" style=\"width:100%;height:600px\"><div class=\"sbvcgmap-marker\" data-lat=\"45.5480811\" data-lng=\"13.7276463\" infowindow=\"no\" icon=\"https:\/\/vile.si\/wp-content\/uploads\/2017\/05\/theme_urbanpoint_pinmap1a.png\" animation=\"NONE\" customstyles=\"no\" ><br \/><a target=\"_blank\" href=\"https:\/\/maps.google.com\/?daddr=45.5480811,13.7276463\">Koper, Sl, Slovenia<\/a><\/div><\/div><\/div>\n\n\t\t<\/div>\n\t<\/div>\n<\/div><\/div><\/div><\/div><div class=\"vc_row-full-width vc_clearfix\"><\/div><div data-vc-full-width=\"true\" data-vc-full-width-init=\"false\" class=\"vc_row wpb_row vc_row-fluid vc_custom_1676497286763 vc_row-has-fill\"><div class=\"wpb_column vc_column_container vc_col-sm-6\"><div class=\"vc_column-inner vc_custom_1676497095809\"><div class=\"wpb_wrapper\"><h1 style=\"font-size: 50px;color: #252525;line-height: 60px;text-align: left;font-family:Ubuntu;font-weight:700;font-style:normal\" class=\"vc_custom_heading\" >Dream fairies<\/h1><div class=\"vc_empty_space\"   style=\"height: 12px\"><span class=\"vc_empty_space_inner\"><\/span><\/div>\n\t<div class=\"wpb_text_column wpb_content_element\" >\n\t\t<div class=\"wpb_wrapper\">\n\t\t\t<p><strong>Villas.si<\/strong> is a portal intended for everyone who is looking for a dream accommodation for an unforgettable vacation. We will do our best to help you find the right one for you. Don&#039;t delay, contact us. We will prepare a list that matches your wishes. <strong>Your dream, our challenge.<\/strong><\/p>\n<p>Send an email: <a href=\"mailto:pisarna@vile.si\">pisarna@vile.si<\/a> or fill out the inquiry form!<\/p>\n\n\t\t<\/div>\n\t<\/div>\n<div class=\"vc_empty_space\"   style=\"height: 30px\"><span class=\"vc_empty_space_inner\"><\/span><\/div><div class=\"vc_row wpb_row vc_inner vc_row-fluid\"><div class=\"wpb_column vc_column_container vc_col-sm-6\"><div class=\"vc_column-inner\"><div class=\"wpb_wrapper\"><div class=\"vc_empty_space\"   style=\"height: 15px\"><span class=\"vc_empty_space_inner\"><\/span><\/div><style type=\"text\/css\" scoped>\n                .mt-icon-list-item:hover i, .mt-icon-list-item:hover {\n                    color: #009dde !important;\n                }\n              <\/style><div class=\"mt-icon-list-item\"><div class=\"mt-icon-list-icon-holder\">\n                  <div class=\"mt-icon-list-icon-holder-inner clearfix\"><i style=\"margin-right:15px; color:#009dde;font-size:24px\" class=\"fa fa-map-marker\"><\/i><\/div>\n                <\/div>\n                <p class=\"mt-icon-list-text\" style=\"font-size: 15pxpx; color: #252525\">Sl, Koper, Slovenia<\/p><\/div><\/div><\/div><\/div><div class=\"wpb_column vc_column_container vc_col-sm-6\"><div class=\"vc_column-inner\"><div class=\"wpb_wrapper\"><style type=\"text\/css\" scoped>\n                .mt-icon-list-item:hover i, .mt-icon-list-item:hover {\n                    color: #009dde !important;\n                }\n              <\/style><div class=\"mt-icon-list-item\"><div class=\"mt-icon-list-icon-holder\">\n                  <div class=\"mt-icon-list-icon-holder-inner clearfix\"><i style=\"margin-right:15px; color:#009dde;font-size:24px\" class=\"fa fa-envelope\"><\/i><\/div>\n                <\/div>\n                <p class=\"mt-icon-list-text\" style=\"font-size: 15pxpx; color: #252525\">pisarna@vile.si<\/p><\/div><div class=\"vc_empty_space\"   style=\"height: 15px\"><span class=\"vc_empty_space_inner\"><\/span><\/div><style type=\"text\/css\" scoped>\n                .mt-icon-list-item:hover i, .mt-icon-list-item:hover {\n                    color: #009dde !important;\n                }\n              <\/style><div class=\"mt-icon-list-item\"><div class=\"mt-icon-list-icon-holder\">\n                  <div class=\"mt-icon-list-icon-holder-inner clearfix\"><i style=\"margin-right:15px; color:#009dde;font-size:24px\" class=\"fa fa-clock-o\"><\/i><\/div>\n                <\/div>\n                <p class=\"mt-icon-list-text\" style=\"font-size: 15pxpx; color: #252525\">Mon - Fri: 9:00 - 18:00<\/p><\/div><\/div><\/div><\/div><\/div><\/div><\/div><\/div><div class=\"wpb_column vc_column_container vc_col-sm-6\"><div class=\"vc_column-inner\"><div class=\"wpb_wrapper\">\n<div class=\"wpcf7 no-js\" id=\"wpcf7-f7104-o1\" lang=\"en-US\" dir=\"ltr\" data-wpcf7-id=\"7104\">\n<div class=\"screen-reader-response\"><p role=\"status\" aria-live=\"polite\" aria-atomic=\"true\"><\/p> <ul><\/ul><\/div>\n<form action=\"\/en\/wp-json\/wp\/v2\/pages\/1271#wpcf7-f7104-o1\" method=\"post\" class=\"wpcf7-form init\" aria-label=\"Contact form\" novalidate=\"novalidate\" data-status=\"init\" data-trp-original-action=\"\/en\/wp-json\/wp\/v2\/pages\/1271#wpcf7-f7104-o1\">\n<fieldset class=\"hidden-fields-container\"><input type=\"hidden\" name=\"_wpcf7\" value=\"7104\" \/><input type=\"hidden\" name=\"_wpcf7_version\" value=\"6.1.5\" \/><input type=\"hidden\" name=\"_wpcf7_locale\" value=\"en_US\" \/><input type=\"hidden\" name=\"_wpcf7_unit_tag\" value=\"wpcf7-f7104-o1\" \/><input type=\"hidden\" name=\"_wpcf7_container_post\" value=\"0\" \/><input type=\"hidden\" name=\"_wpcf7_posted_data_hash\" value=\"\" \/>\n<\/fieldset>\n<div class=\"first-name-input\">\n\t<p><label>Name:<\/label><br \/>\n<span class=\"wpcf7-form-control-wrap\" data-name=\"first-name\"><input size=\"40\" maxlength=\"400\" class=\"wpcf7-form-control wpcf7-text wpcf7-validates-as-required\" aria-required=\"true\" aria-invalid=\"false\" value=\"\" type=\"text\" name=\"first-name\" \/><\/span>\n\t<\/p>\n<\/div>\n<div class=\"email-input\">\n\t<p><label>Email:<\/label><br \/>\n<span class=\"wpcf7-form-control-wrap\" data-name=\"your-email\"><input size=\"40\" maxlength=\"400\" class=\"wpcf7-form-control wpcf7-email wpcf7-validates-as-required wpcf7-text wpcf7-validates-as-email\" aria-required=\"true\" aria-invalid=\"false\" value=\"\" type=\"email\" name=\"your-email\" \/><\/span>\n\t<\/p>\n<\/div>\n<p><label>I am interested in:<\/label>\n<\/p>\n<p><span class=\"wpcf7-form-control-wrap\" data-name=\"checkbox-130\"><span class=\"wpcf7-form-control wpcf7-checkbox wpcf7-validates-as-required\"><span class=\"wpcf7-list-item first\"><input type=\"checkbox\" name=\"checkbox-130[]\" value=\"Glamping hi\u0161ke\" \/><span class=\"wpcf7-list-item-label\">Glamping houses<\/span><\/span><span class=\"wpcf7-list-item\"><input type=\"checkbox\" name=\"checkbox-130[]\" value=\"Luksuzne Apartmaje\" \/><span class=\"wpcf7-list-item-label\">Luxury Apartments<\/span><\/span><span class=\"wpcf7-list-item\"><input type=\"checkbox\" name=\"checkbox-130[]\" value=\"Mobilne hi\u0161ke\" \/><span class=\"wpcf7-list-item-label\">Mobile homes<\/span><\/span><span class=\"wpcf7-list-item last\"><input type=\"checkbox\" name=\"checkbox-130[]\" value=\"Sanjske Vile\" \/><span class=\"wpcf7-list-item-label\">Dream Fairies<\/span><\/span><\/span><\/span>\n<\/p>\n<div class=\"message-input\">\n\t<div>\n\t<\/div>\n\t<p><label>Additionally:<\/label><br \/>\n<span class=\"wpcf7-form-control-wrap\" data-name=\"your-message\"><textarea cols=\"3\" rows=\"3\" maxlength=\"2000\" class=\"wpcf7-form-control wpcf7-textarea\" aria-invalid=\"false\" name=\"your-message\"><\/textarea><\/span>\n\t<\/p>\n<\/div>\n<div>\n\t<p><input class=\"wpcf7-form-control wpcf7-submit has-spinner\" type=\"submit\" value=\"Send inquiry \u2192\" \/>\n\t<\/p>\n<\/div><div class=\"wpcf7-response-output\" aria-hidden=\"true\"><\/div>\n<input type=\"hidden\" name=\"trp-form-language\" value=\"en\"\/><\/form>\n<\/div>\n<\/div><\/div><\/div><\/div><div class=\"vc_row-full-width vc_clearfix\"><\/div>\n<\/section>","protected":false},"excerpt":{"rendered":"Koper, Sl, Slovenija Sanjske vile Vile.si je portal namenjen vsem, ki i\u0161\u010dete sanjsko nastanitev za nepozaben oddih. Potrudili se bomo po na\u0161ih najbolj\u0161ih mo\u010deh, da vam pomagamo najti tisto ta pravo za vas. Ne odla\u0161ajte, kontaktirajte nas. Pripravili vam bomo seznam, ki ustrezajo va\u0161im \u017eeljam. Va\u0161e sanje, na\u0161 izziv. Po\u0161ljite elektronsko sporo\u010dilo: pisarna@vile.si ali pa [...]","protected":false},"author":1,"featured_media":0,"parent":0,"menu_order":0,"comment_status":"closed","ping_status":"closed","template":"","meta":{"footnotes":""},"class_list":["post-1271","page","type-page","status-publish","hentry"],"yoast_head":"<!-- This site is optimized with the Yoast SEO plugin v27.3 - https:\/\/yoast.com\/product\/yoast-seo-wordpress\/ -->\n<title>Kontakt &#187; Vile.si<\/title>\n<meta name=\"robots\" content=\"index, follow, max-snippet:-1, max-image-preview:large, max-video-preview:-1\" \/>\n<link rel=\"canonical\" href=\"https:\/\/vile.si\/en\/kontakt\/\" \/>\n<meta property=\"og:locale\" content=\"en_GB\" \/>\n<meta property=\"og:type\" content=\"article\" \/>\n<meta property=\"og:title\" content=\"Kontakt &#187; Vile.si\" \/>\n<meta property=\"og:url\" content=\"https:\/\/vile.si\/en\/kontakt\/\" \/>\n<meta property=\"og:site_name\" content=\"Vile.si\" \/>\n<meta property=\"article:modified_time\" content=\"2023-03-15T13:06:14+00:00\" \/>\n<meta name=\"twitter:card\" content=\"summary_large_image\" \/>\n<meta name=\"twitter:label1\" content=\"Estimated reading time\" \/>\n\t<meta name=\"twitter:data1\" content=\"1 minute\" \/>\n<script type=\"application\/ld+json\" class=\"yoast-schema-graph\">{\"@context\":\"https:\\\/\\\/schema.org\",\"@graph\":[{\"@type\":\"WebPage\",\"@id\":\"https:\\\/\\\/vile.si\\\/kontakt\\\/\",\"url\":\"https:\\\/\\\/vile.si\\\/kontakt\\\/\",\"name\":\"Kontakt &#187; Vile.si\",\"isPartOf\":{\"@id\":\"https:\\\/\\\/vile.si\\\/#website\"},\"datePublished\":\"2016-02-26T15:08:18+00:00\",\"dateModified\":\"2023-03-15T13:06:14+00:00\",\"breadcrumb\":{\"@id\":\"https:\\\/\\\/vile.si\\\/kontakt\\\/#breadcrumb\"},\"inLanguage\":\"en-GB\",\"potentialAction\":[{\"@type\":\"ReadAction\",\"target\":[\"https:\\\/\\\/vile.si\\\/kontakt\\\/\"]}]},{\"@type\":\"BreadcrumbList\",\"@id\":\"https:\\\/\\\/vile.si\\\/kontakt\\\/#breadcrumb\",\"itemListElement\":[{\"@type\":\"ListItem\",\"position\":1,\"name\":\"Home\",\"item\":\"https:\\\/\\\/vile.si\\\/\"},{\"@type\":\"ListItem\",\"position\":2,\"name\":\"Kontakt\"}]},{\"@type\":\"WebSite\",\"@id\":\"https:\\\/\\\/vile.si\\\/#website\",\"url\":\"https:\\\/\\\/vile.si\\\/\",\"name\":\"Vile.si\",\"description\":\"luksuzne vile\",\"publisher\":{\"@id\":\"https:\\\/\\\/vile.si\\\/#organization\"},\"potentialAction\":[{\"@type\":\"SearchAction\",\"target\":{\"@type\":\"EntryPoint\",\"urlTemplate\":\"https:\\\/\\\/vile.si\\\/?s={search_term_string}\"},\"query-input\":{\"@type\":\"PropertyValueSpecification\",\"valueRequired\":true,\"valueName\":\"search_term_string\"}}],\"inLanguage\":\"en-GB\"},{\"@type\":\"Organization\",\"@id\":\"https:\\\/\\\/vile.si\\\/#organization\",\"name\":\"Sanjske vile\",\"url\":\"https:\\\/\\\/vile.si\\\/\",\"logo\":{\"@type\":\"ImageObject\",\"inLanguage\":\"en-GB\",\"@id\":\"https:\\\/\\\/vile.si\\\/#\\\/schema\\\/logo\\\/image\\\/\",\"url\":\"https:\\\/\\\/vile.si\\\/wp-content\\\/uploads\\\/2020\\\/09\\\/5d8f593a03e48033244178.jpg\",\"contentUrl\":\"https:\\\/\\\/vile.si\\\/wp-content\\\/uploads\\\/2020\\\/09\\\/5d8f593a03e48033244178.jpg\",\"width\":1920,\"height\":1080,\"caption\":\"Sanjske vile\"},\"image\":{\"@id\":\"https:\\\/\\\/vile.si\\\/#\\\/schema\\\/logo\\\/image\\\/\"}}]}<\/script>\n<!-- \/ Yoast SEO plugin. -->","yoast_head_json":{"title":"Kontakt &#187; Vile.si","robots":{"index":"index","follow":"follow","max-snippet":"max-snippet:-1","max-image-preview":"max-image-preview:large","max-video-preview":"max-video-preview:-1"},"canonical":"https:\/\/vile.si\/en\/kontakt\/","og_locale":"en_GB","og_type":"article","og_title":"Kontakt &#187; Vile.si","og_url":"https:\/\/vile.si\/en\/kontakt\/","og_site_name":"Vile.si","article_modified_time":"2023-03-15T13:06:14+00:00","twitter_card":"summary_large_image","twitter_misc":{"Estimated reading time":"1 minute"},"schema":{"@context":"https:\/\/schema.org","@graph":[{"@type":"WebPage","@id":"https:\/\/vile.si\/kontakt\/","url":"https:\/\/vile.si\/kontakt\/","name":"Kontakt &#187; Vile.si","isPartOf":{"@id":"https:\/\/vile.si\/#website"},"datePublished":"2016-02-26T15:08:18+00:00","dateModified":"2023-03-15T13:06:14+00:00","breadcrumb":{"@id":"https:\/\/vile.si\/kontakt\/#breadcrumb"},"inLanguage":"en-GB","potentialAction":[{"@type":"ReadAction","target":["https:\/\/vile.si\/kontakt\/"]}]},{"@type":"BreadcrumbList","@id":"https:\/\/vile.si\/kontakt\/#breadcrumb","itemListElement":[{"@type":"ListItem","position":1,"name":"Home","item":"https:\/\/vile.si\/"},{"@type":"ListItem","position":2,"name":"Kontakt"}]},{"@type":"WebSite","@id":"https:\/\/vile.si\/#website","url":"https:\/\/vile.si\/","name":"Vile.si","description":"luksuzne vile","publisher":{"@id":"https:\/\/vile.si\/#organization"},"potentialAction":[{"@type":"SearchAction","target":{"@type":"EntryPoint","urlTemplate":"https:\/\/vile.si\/?s={search_term_string}"},"query-input":{"@type":"PropertyValueSpecification","valueRequired":true,"valueName":"search_term_string"}}],"inLanguage":"en-GB"},{"@type":"Organization","@id":"https:\/\/vile.si\/#organization","name":"Sanjske vile","url":"https:\/\/vile.si\/","logo":{"@type":"ImageObject","inLanguage":"en-GB","@id":"https:\/\/vile.si\/#\/schema\/logo\/image\/","url":"https:\/\/vile.si\/wp-content\/uploads\/2020\/09\/5d8f593a03e48033244178.jpg","contentUrl":"https:\/\/vile.si\/wp-content\/uploads\/2020\/09\/5d8f593a03e48033244178.jpg","width":1920,"height":1080,"caption":"Sanjske vile"},"image":{"@id":"https:\/\/vile.si\/#\/schema\/logo\/image\/"}}]}},"_links":{"self":[{"href":"https:\/\/vile.si\/en\/wp-json\/wp\/v2\/pages\/1271","targetHints":{"allow":["GET"]}}],"collection":[{"href":"https:\/\/vile.si\/en\/wp-json\/wp\/v2\/pages"}],"about":[{"href":"https:\/\/vile.si\/en\/wp-json\/wp\/v2\/types\/page"}],"author":[{"embeddable":true,"href":"https:\/\/vile.si\/en\/wp-json\/wp\/v2\/users\/1"}],"replies":[{"embeddable":true,"href":"https:\/\/vile.si\/en\/wp-json\/wp\/v2\/comments?post=1271"}],"version-history":[{"count":27,"href":"https:\/\/vile.si\/en\/wp-json\/wp\/v2\/pages\/1271\/revisions"}],"predecessor-version":[{"id":9832,"href":"https:\/\/vile.si\/en\/wp-json\/wp\/v2\/pages\/1271\/revisions\/9832"}],"wp:attachment":[{"href":"https:\/\/vile.si\/en\/wp-json\/wp\/v2\/media?parent=1271"}],"curies":[{"name":"wp","href":"https:\/\/api.w.org\/{rel}","templated":true}]}}