{"id":2020,"date":"2016-03-21T07:11:16","date_gmt":"2016-03-21T07:11:16","guid":{"rendered":"http:\/\/connection.modeltheme.com\/?page_id=2020"},"modified":"2023-03-15T13:09:07","modified_gmt":"2023-03-15T13:09:07","slug":"o-nas","status":"publish","type":"page","link":"https:\/\/vile.si\/en\/o-nas\/","title":{"rendered":"About us"},"content":{"rendered":"<section class=\"wpb-content-wrapper\"><div data-vc-full-width=\"true\" data-vc-full-width-init=\"false\" class=\"vc_row wpb_row vc_row-fluid vc_custom_1676913540556 vc_row-has-fill\"><div class=\"wpb_column vc_column_container vc_col-sm-6\"><div class=\"vc_column-inner vc_custom_1676914027314\"><div class=\"wpb_wrapper\"><h1 style=\"font-size: 30px;color: #252525;line-height: 40px;text-align: left;font-family:Ubuntu;font-weight:700;font-style:normal\" class=\"vc_custom_heading\" >The Vile.si website was created with the aim of presenting luxury real estate for rent.<\/h1><div class=\"vc_empty_space\"   style=\"height: 25px\"><span class=\"vc_empty_space_inner\"><\/span><\/div>\n\t<div class=\"wpb_text_column wpb_content_element\" >\n\t\t<div class=\"wpb_wrapper\">\n\t\t\t<p>Our vision is on <strong>simple<\/strong> and <strong>easy<\/strong> a one-stop way to aggregate tourist properties for rent. From superior mobile homes, modern glamping accommodation, luxury apartments to luxury villas. We monitor regularly <strong>actions<\/strong> and in this way we help you book &quot;something more&quot; after <strong>the most favorable<\/strong> values.<\/p>\n\n\t\t<\/div>\n\t<\/div>\n<div class=\"vc_empty_space\"   style=\"height: 30px\"><span class=\"vc_empty_space_inner\"><\/span><\/div>\n\t<div class=\"wpb_text_column wpb_content_element\" >\n\t\t<div class=\"wpb_wrapper\">\n\t\t\t<p>Today, the market is flooded with tourist accommodation, so we may soon book an accommodation that will disappoint us. <strong>Accommodations<\/strong>, which <strong>we advertise<\/strong> they are <strong>verified<\/strong> and achieve only <strong>highest marks<\/strong> on online real estate rental portals.<\/p>\n\n\t\t<\/div>\n\t<\/div>\n<\/div><\/div><\/div><div class=\"wpb_column vc_column_container vc_col-sm-6 vc_col-has-fill\"><div class=\"vc_column-inner vc_custom_1600360627003\"><div class=\"wpb_wrapper\">\n\t<div  class=\"wpb_single_image wpb_content_element vc_align_center\">\n\t\t\n\t\t<figure class=\"wpb_wrapper vc_figure\">\n\t\t\t<div class=\"vc_single_image-wrapper vc_box_shadow_3d  vc_box_border_grey\"><img loading=\"lazy\" decoding=\"async\" width=\"750\" height=\"391\" src=\"https:\/\/vile.si\/wp-content\/uploads\/2018\/09\/luksuzna_vila-e1600360239465.jpg\" class=\"vc_single_image-img attachment-full\" alt=\"\" title=\"luxury_villa\" srcset=\"https:\/\/vile.si\/wp-content\/uploads\/2018\/09\/luksuzna_vila-e1600360239465.jpg 750w, https:\/\/vile.si\/wp-content\/uploads\/2018\/09\/luksuzna_vila-e1600360239465-300x156.jpg 300w\" sizes=\"auto, (max-width: 750px) 100vw, 750px\" \/><\/div>\n\t\t<\/figure>\n\t<\/div>\n<\/div><\/div><\/div><\/div><div class=\"vc_row-full-width vc_clearfix\"><\/div><div data-vc-full-width=\"true\" data-vc-full-width-init=\"false\" class=\"vc_row wpb_row vc_row-fluid vc_custom_1497347608053\"><div class=\"wpb_column vc_column_container vc_col-sm-4\"><div class=\"vc_column-inner\"><div class=\"wpb_wrapper\"><div class=\"wpb_gallery wpb_content_element vc_clearfix\" ><div class=\"wpb_wrapper\"><div class=\"wpb_gallery_slides wpb_flexslider flexslider_fade flexslider\" data-interval=\"3\" data-flex_fx=\"fade\"><ul class=\"slides\"><li><img loading=\"lazy\" decoding=\"async\" width=\"300\" height=\"200\" src=\"https:\/\/vile.si\/wp-content\/uploads\/2017\/05\/140462451-300x200.jpg\" class=\"attachment-medium\" alt=\"\" title=\"140462451\" srcset=\"https:\/\/vile.si\/wp-content\/uploads\/2017\/05\/140462451-300x200.jpg 300w, https:\/\/vile.si\/wp-content\/uploads\/2017\/05\/140462451-768x513.jpg 768w, https:\/\/vile.si\/wp-content\/uploads\/2017\/05\/140462451-625x415.jpg 625w, https:\/\/vile.si\/wp-content\/uploads\/2017\/05\/140462451.jpg 1024w\" sizes=\"auto, (max-width: 300px) 100vw, 300px\" \/><\/li><li><img loading=\"lazy\" decoding=\"async\" width=\"300\" height=\"200\" src=\"https:\/\/vile.si\/wp-content\/uploads\/2017\/05\/140459685-300x200.jpg\" class=\"attachment-medium\" alt=\"\" title=\"140459685\" srcset=\"https:\/\/vile.si\/wp-content\/uploads\/2017\/05\/140459685-300x200.jpg 300w, https:\/\/vile.si\/wp-content\/uploads\/2017\/05\/140459685-768x512.jpg 768w, https:\/\/vile.si\/wp-content\/uploads\/2017\/05\/140459685-625x415.jpg 625w, https:\/\/vile.si\/wp-content\/uploads\/2017\/05\/140459685.jpg 1024w\" sizes=\"auto, (max-width: 300px) 100vw, 300px\" \/><\/li><li><img loading=\"lazy\" decoding=\"async\" width=\"300\" height=\"200\" src=\"https:\/\/vile.si\/wp-content\/uploads\/2017\/05\/126859358-1-300x200.jpg\" class=\"attachment-medium\" alt=\"\" title=\"126859358\" srcset=\"https:\/\/vile.si\/wp-content\/uploads\/2017\/05\/126859358-1-300x200.jpg 300w, https:\/\/vile.si\/wp-content\/uploads\/2017\/05\/126859358-1-768x512.jpg 768w, https:\/\/vile.si\/wp-content\/uploads\/2017\/05\/126859358-1-625x415.jpg 625w, https:\/\/vile.si\/wp-content\/uploads\/2017\/05\/126859358-1.jpg 1024w\" sizes=\"auto, (max-width: 300px) 100vw, 300px\" \/><\/li><\/ul><\/div><\/div><\/div><h1 style=\"font-size: 50px;color: #252525;line-height: 60px;text-align: left;font-family:Ubuntu;font-weight:700;font-style:normal\" class=\"vc_custom_heading\" >Why choose us?<\/h1><\/div><\/div><\/div><div class=\"wpb_column vc_column_container vc_col-sm-8\"><div class=\"vc_column-inner vc_custom_1600365969248\"><div class=\"wpb_wrapper\">\n\t<div class=\"wpb_text_column wpb_content_element\" >\n\t\t<div class=\"wpb_wrapper\">\n\t\t\t<p><img loading=\"lazy\" decoding=\"async\" class=\"alignleft wp-image-8077 size-full\" src=\"https:\/\/vile.si\/wp-content\/uploads\/2016\/03\/theme_urbanpoint_img7_new.png\" alt=\"\" width=\"142\" height=\"142\" srcset=\"https:\/\/vile.si\/wp-content\/uploads\/2016\/03\/theme_urbanpoint_img7_new.png 142w, https:\/\/vile.si\/wp-content\/uploads\/2016\/03\/theme_urbanpoint_img7_new-100x100.png 100w\" sizes=\"auto, (max-width: 142px) 100vw, 142px\" \/><\/p>\n<p>&nbsp;<\/p>\n<h1 style=\"text-align: left; margin-top: 0px;\"><strong>More than 10 years of experience<\/strong><\/h1>\n<p style=\"text-align: left;\">in the field of online marketing by researching and studying online portals regarding luxury real estate rental prices<\/p>\n\n\t\t<\/div>\n\t<\/div>\n<div class=\"vc_empty_space\"   style=\"height: 20px\"><span class=\"vc_empty_space_inner\"><\/span><\/div>\n\t<div class=\"wpb_text_column wpb_content_element\" >\n\t\t<div class=\"wpb_wrapper\">\n\t\t\t<p><img loading=\"lazy\" decoding=\"async\" class=\"wp-image-8078 size-full alignleft\" src=\"https:\/\/vile.si\/wp-content\/uploads\/2016\/03\/theme_urbanpoint_img8_new.png\" alt=\"\" width=\"142\" height=\"142\" srcset=\"https:\/\/vile.si\/wp-content\/uploads\/2016\/03\/theme_urbanpoint_img8_new.png 142w, https:\/\/vile.si\/wp-content\/uploads\/2016\/03\/theme_urbanpoint_img8_new-100x100.png 100w\" sizes=\"auto, (max-width: 142px) 100vw, 142px\" \/><\/p>\n<p>&nbsp;<\/p>\n<h1 style=\"text-align: left; margin-top: 0px;\"><strong>Only a verified selection of offers<\/strong><\/h1>\n<p style=\"text-align: left;\">is published on our website, so that your concern about the quality and the reservation itself is completely unnecessary<\/p>\n\n\t\t<\/div>\n\t<\/div>\n<div class=\"vc_empty_space\"   style=\"height: 20px\"><span class=\"vc_empty_space_inner\"><\/span><\/div>\n\t<div class=\"wpb_text_column wpb_content_element  vc_custom_1600364147704\" >\n\t\t<div class=\"wpb_wrapper\">\n\t\t\t<p><img loading=\"lazy\" decoding=\"async\" class=\"wp-image-8079 size-full alignleft\" src=\"https:\/\/vile.si\/wp-content\/uploads\/2016\/03\/theme_urbanpoint_img9_new.png\" alt=\"\" width=\"142\" height=\"142\" srcset=\"https:\/\/vile.si\/wp-content\/uploads\/2016\/03\/theme_urbanpoint_img9_new.png 142w, https:\/\/vile.si\/wp-content\/uploads\/2016\/03\/theme_urbanpoint_img9_new-100x100.png 100w\" sizes=\"auto, (max-width: 142px) 100vw, 142px\" \/><\/p>\n<p>&nbsp;<\/p>\n<h1 style=\"text-align: left; margin-top: 0px;\"><strong>Constant support and advice<\/strong><\/h1>\n<p style=\"text-align: left;\">are available to you throughout the entire selection process and later when booking the selected accommodation<\/p>\n\n\t\t<\/div>\n\t<\/div>\n<\/div><\/div><\/div><\/div><div class=\"vc_row-full-width vc_clearfix\"><\/div><div data-vc-full-width=\"true\" data-vc-full-width-init=\"false\" class=\"vc_row wpb_row vc_row-fluid vc_custom_1676913901315 vc_row-has-fill\"><div class=\"wpb_column vc_column_container vc_col-sm-6\"><div class=\"vc_column-inner vc_custom_1676913820072\"><div class=\"wpb_wrapper\"><h1 style=\"font-size: 50px;color: #252525;line-height: 60px;text-align: left;font-family:Ubuntu;font-weight:700;font-style:normal\" class=\"vc_custom_heading\" >Dream fairies<\/h1><div class=\"vc_empty_space\"   style=\"height: 12px\"><span class=\"vc_empty_space_inner\"><\/span><\/div>\n\t<div class=\"wpb_text_column wpb_content_element\" >\n\t\t<div class=\"wpb_wrapper\">\n\t\t\t<p><strong>Villas.si<\/strong> is a portal intended for everyone who is looking for a dream accommodation for an unforgettable vacation. We will do our best to help you find the right one for you. Don&#039;t delay, contact us. We will prepare a list that matches your wishes. Your dream, our challenge.<\/p>\n\n\t\t<\/div>\n\t<\/div>\n<div class=\"vc_empty_space\"   style=\"height: 30px\"><span class=\"vc_empty_space_inner\"><\/span><\/div><div class=\"vc_row wpb_row vc_inner vc_row-fluid\"><div class=\"wpb_column vc_column_container vc_col-sm-6\"><div class=\"vc_column-inner\"><div class=\"wpb_wrapper\"><div class=\"vc_empty_space\"   style=\"height: 15px\"><span class=\"vc_empty_space_inner\"><\/span><\/div><style type=\"text\/css\" scoped>\n                .mt-icon-list-item:hover i, .mt-icon-list-item:hover {\n                    color: #009dde !important;\n                }\n              <\/style><div class=\"mt-icon-list-item\"><div class=\"mt-icon-list-icon-holder\">\n                  <div class=\"mt-icon-list-icon-holder-inner clearfix\"><i style=\"margin-right:15px; color:#009dde;font-size:24px\" class=\"fa fa-map-marker\"><\/i><\/div>\n                <\/div>\n                <p class=\"mt-icon-list-text\" style=\"font-size: 15pxpx; color: #252525\">SI - KOPER, Slovenia<\/p><\/div><\/div><\/div><\/div><div class=\"wpb_column vc_column_container vc_col-sm-6\"><div class=\"vc_column-inner\"><div class=\"wpb_wrapper\"><style type=\"text\/css\" scoped>\n                .mt-icon-list-item:hover i, .mt-icon-list-item:hover {\n                    color: #009dde !important;\n                }\n              <\/style><div class=\"mt-icon-list-item\"><div class=\"mt-icon-list-icon-holder\">\n                  <div class=\"mt-icon-list-icon-holder-inner clearfix\"><i style=\"margin-right:15px; color:#009dde;font-size:24px\" class=\"fa fa-envelope\"><\/i><\/div>\n                <\/div>\n                <p class=\"mt-icon-list-text\" style=\"font-size: 15pxpx; color: #252525\">pisarna@vile.si<\/p><\/div><div class=\"vc_empty_space\"   style=\"height: 15px\"><span class=\"vc_empty_space_inner\"><\/span><\/div><style type=\"text\/css\" scoped>\n                .mt-icon-list-item:hover i, .mt-icon-list-item:hover {\n                    color: #009dde !important;\n                }\n              <\/style><div class=\"mt-icon-list-item\"><div class=\"mt-icon-list-icon-holder\">\n                  <div class=\"mt-icon-list-icon-holder-inner clearfix\"><i style=\"margin-right:15px; color:#009dde;font-size:24px\" class=\"fa fa-clock-o\"><\/i><\/div>\n                <\/div>\n                <p class=\"mt-icon-list-text\" style=\"font-size: 15pxpx; color: #252525\">Mon-Fri: 9:00 - 18:00<\/p><\/div><\/div><\/div><\/div><\/div><div class=\"vc_message_box vc_message_box-standard vc_message_box-rounded vc_color-info\" ><div class=\"vc_message_box-icon\"><i class=\"fas fa-info-circle\"><\/i><\/div><p>Outside of working hours, we answer emails within two hours on average.<\/p>\n<\/div><\/div><\/div><\/div><div class=\"wpb_column vc_column_container vc_col-sm-6\"><div class=\"vc_column-inner\"><div class=\"wpb_wrapper\"><h1 style=\"font-size: 40px;color: #252525;line-height: 40px;text-align: left;font-family:Ubuntu;font-weight:700;font-style:normal\" class=\"vc_custom_heading vc_custom_1600364944764\" >Demand<\/h1>\n<div class=\"wpcf7 no-js\" id=\"wpcf7-f7104-o1\" lang=\"en-US\" dir=\"ltr\" data-wpcf7-id=\"7104\">\n<div class=\"screen-reader-response\"><p role=\"status\" aria-live=\"polite\" aria-atomic=\"true\"><\/p> <ul><\/ul><\/div>\n<form action=\"\/en\/wp-json\/wp\/v2\/pages\/2020#wpcf7-f7104-o1\" method=\"post\" class=\"wpcf7-form init\" aria-label=\"Contact form\" novalidate=\"novalidate\" data-status=\"init\" data-trp-original-action=\"\/en\/wp-json\/wp\/v2\/pages\/2020#wpcf7-f7104-o1\">\n<fieldset class=\"hidden-fields-container\"><input type=\"hidden\" name=\"_wpcf7\" value=\"7104\" \/><input type=\"hidden\" name=\"_wpcf7_version\" value=\"6.1.5\" \/><input type=\"hidden\" name=\"_wpcf7_locale\" value=\"en_US\" \/><input type=\"hidden\" name=\"_wpcf7_unit_tag\" value=\"wpcf7-f7104-o1\" \/><input type=\"hidden\" name=\"_wpcf7_container_post\" value=\"0\" \/><input type=\"hidden\" name=\"_wpcf7_posted_data_hash\" value=\"\" \/>\n<\/fieldset>\n<div class=\"first-name-input\">\n\t<p><label>Name:<\/label><br \/>\n<span class=\"wpcf7-form-control-wrap\" data-name=\"first-name\"><input size=\"40\" maxlength=\"400\" class=\"wpcf7-form-control wpcf7-text wpcf7-validates-as-required\" aria-required=\"true\" aria-invalid=\"false\" value=\"\" type=\"text\" name=\"first-name\" \/><\/span>\n\t<\/p>\n<\/div>\n<div class=\"email-input\">\n\t<p><label>Email:<\/label><br \/>\n<span class=\"wpcf7-form-control-wrap\" data-name=\"your-email\"><input size=\"40\" maxlength=\"400\" class=\"wpcf7-form-control wpcf7-email wpcf7-validates-as-required wpcf7-text wpcf7-validates-as-email\" aria-required=\"true\" aria-invalid=\"false\" value=\"\" type=\"email\" name=\"your-email\" \/><\/span>\n\t<\/p>\n<\/div>\n<p><label>I am interested in:<\/label>\n<\/p>\n<p><span class=\"wpcf7-form-control-wrap\" data-name=\"checkbox-130\"><span class=\"wpcf7-form-control wpcf7-checkbox wpcf7-validates-as-required\"><span class=\"wpcf7-list-item first\"><input type=\"checkbox\" name=\"checkbox-130[]\" value=\"Glamping hi\u0161ke\" \/><span class=\"wpcf7-list-item-label\">Glamping houses<\/span><\/span><span class=\"wpcf7-list-item\"><input type=\"checkbox\" name=\"checkbox-130[]\" value=\"Luksuzne Apartmaje\" \/><span class=\"wpcf7-list-item-label\">Luxury Apartments<\/span><\/span><span class=\"wpcf7-list-item\"><input type=\"checkbox\" name=\"checkbox-130[]\" value=\"Mobilne hi\u0161ke\" \/><span class=\"wpcf7-list-item-label\">Mobile homes<\/span><\/span><span class=\"wpcf7-list-item last\"><input type=\"checkbox\" name=\"checkbox-130[]\" value=\"Sanjske Vile\" \/><span class=\"wpcf7-list-item-label\">Dream Fairies<\/span><\/span><\/span><\/span>\n<\/p>\n<div class=\"message-input\">\n\t<div>\n\t<\/div>\n\t<p><label>Additionally:<\/label><br \/>\n<span class=\"wpcf7-form-control-wrap\" data-name=\"your-message\"><textarea cols=\"3\" rows=\"3\" maxlength=\"2000\" class=\"wpcf7-form-control wpcf7-textarea\" aria-invalid=\"false\" name=\"your-message\"><\/textarea><\/span>\n\t<\/p>\n<\/div>\n<div>\n\t<p><input class=\"wpcf7-form-control wpcf7-submit has-spinner\" type=\"submit\" value=\"Send inquiry \u2192\" \/>\n\t<\/p>\n<\/div><div class=\"wpcf7-response-output\" aria-hidden=\"true\"><\/div>\n<input type=\"hidden\" name=\"trp-form-language\" value=\"en\"\/><\/form>\n<\/div>\n<\/div><\/div><\/div><\/div><div class=\"vc_row-full-width vc_clearfix\"><\/div><div data-vc-full-width=\"true\" data-vc-full-width-init=\"false\" data-vc-stretch-content=\"true\" class=\"vc_row wpb_row vc_row-fluid vc_custom_1676914639761 vc_row-has-fill\"><div class=\"wpb_column vc_column_container vc_col-sm-12\"><div class=\"vc_column-inner\"><div class=\"wpb_wrapper\"><h2 style=\"font-size: 30px;color: #ffffff;text-align: center;font-family:Ubuntu;font-weight:400;font-style:normal\" class=\"vc_custom_heading\" >Looking for luxury accommodation to rent? Write to us at the email address: <strong>pisarna@vile.si<\/strong><\/h2><\/div><\/div><\/div><\/div><div class=\"vc_row-full-width vc_clearfix\"><\/div>\n<\/section>","protected":false},"excerpt":{"rendered":"Spletna stran Vile.si je nastala z namenom predstavitve luksuznih nepremi\u010dnin, ki se oddajajo v najem. Na\u0161a vizija je na preprost in enostaven na\u010din na enem mestu zdru\u017eiti turisti\u010dne nepremi\u010dnine za najem. Od nadstandardnih mobilnih hi\u0161k, modernih glamping nastanitev, luksuznih apartmajev do luksuznih vil. Redno spremljamo akcije in vam na ta na\u010din pomagamo rezervirati \"nekaj ve\u010d\" [...]","protected":false},"author":1,"featured_media":0,"parent":0,"menu_order":0,"comment_status":"closed","ping_status":"closed","template":"","meta":{"footnotes":""},"class_list":["post-2020","page","type-page","status-publish","hentry"],"yoast_head":"<!-- This site is optimized with the Yoast SEO plugin v27.4 - https:\/\/yoast.com\/product\/yoast-seo-wordpress\/ -->\n<title>O nas &#187; Vile.si<\/title>\n<meta name=\"robots\" content=\"index, follow, max-snippet:-1, max-image-preview:large, max-video-preview:-1\" \/>\n<link rel=\"canonical\" href=\"https:\/\/vile.si\/en\/o-nas\/\" \/>\n<meta property=\"og:locale\" content=\"en_GB\" \/>\n<meta property=\"og:type\" content=\"article\" \/>\n<meta property=\"og:title\" content=\"O nas &#187; Vile.si\" \/>\n<meta property=\"og:url\" content=\"https:\/\/vile.si\/en\/o-nas\/\" \/>\n<meta property=\"og:site_name\" content=\"Vile.si\" \/>\n<meta property=\"article:modified_time\" content=\"2023-03-15T13:09:07+00:00\" \/>\n<meta property=\"og:image\" content=\"https:\/\/vile.si\/wp-content\/uploads\/2016\/03\/theme_urbanpoint_img7_new.png\" \/>\n<meta name=\"twitter:card\" content=\"summary_large_image\" \/>\n<meta name=\"twitter:label1\" content=\"Estimated reading time\" \/>\n\t<meta name=\"twitter:data1\" content=\"3 minutes\" \/>\n<script type=\"application\/ld+json\" class=\"yoast-schema-graph\">{\"@context\":\"https:\\\/\\\/schema.org\",\"@graph\":[{\"@type\":\"WebPage\",\"@id\":\"https:\\\/\\\/vile.si\\\/o-nas\\\/\",\"url\":\"https:\\\/\\\/vile.si\\\/o-nas\\\/\",\"name\":\"O nas &#187; Vile.si\",\"isPartOf\":{\"@id\":\"https:\\\/\\\/vile.si\\\/#website\"},\"primaryImageOfPage\":{\"@id\":\"https:\\\/\\\/vile.si\\\/o-nas\\\/#primaryimage\"},\"image\":{\"@id\":\"https:\\\/\\\/vile.si\\\/o-nas\\\/#primaryimage\"},\"thumbnailUrl\":\"https:\\\/\\\/vile.si\\\/wp-content\\\/uploads\\\/2016\\\/03\\\/theme_urbanpoint_img7_new.png\",\"datePublished\":\"2016-03-21T07:11:16+00:00\",\"dateModified\":\"2023-03-15T13:09:07+00:00\",\"breadcrumb\":{\"@id\":\"https:\\\/\\\/vile.si\\\/o-nas\\\/#breadcrumb\"},\"inLanguage\":\"en-GB\",\"potentialAction\":[{\"@type\":\"ReadAction\",\"target\":[\"https:\\\/\\\/vile.si\\\/o-nas\\\/\"]}]},{\"@type\":\"ImageObject\",\"inLanguage\":\"en-GB\",\"@id\":\"https:\\\/\\\/vile.si\\\/o-nas\\\/#primaryimage\",\"url\":\"https:\\\/\\\/vile.si\\\/wp-content\\\/uploads\\\/2016\\\/03\\\/theme_urbanpoint_img7_new.png\",\"contentUrl\":\"https:\\\/\\\/vile.si\\\/wp-content\\\/uploads\\\/2016\\\/03\\\/theme_urbanpoint_img7_new.png\"},{\"@type\":\"BreadcrumbList\",\"@id\":\"https:\\\/\\\/vile.si\\\/o-nas\\\/#breadcrumb\",\"itemListElement\":[{\"@type\":\"ListItem\",\"position\":1,\"name\":\"Home\",\"item\":\"https:\\\/\\\/vile.si\\\/\"},{\"@type\":\"ListItem\",\"position\":2,\"name\":\"O nas\"}]},{\"@type\":\"WebSite\",\"@id\":\"https:\\\/\\\/vile.si\\\/#website\",\"url\":\"https:\\\/\\\/vile.si\\\/\",\"name\":\"Vile.si\",\"description\":\"luksuzne vile\",\"publisher\":{\"@id\":\"https:\\\/\\\/vile.si\\\/#organization\"},\"potentialAction\":[{\"@type\":\"SearchAction\",\"target\":{\"@type\":\"EntryPoint\",\"urlTemplate\":\"https:\\\/\\\/vile.si\\\/?s={search_term_string}\"},\"query-input\":{\"@type\":\"PropertyValueSpecification\",\"valueRequired\":true,\"valueName\":\"search_term_string\"}}],\"inLanguage\":\"en-GB\"},{\"@type\":\"Organization\",\"@id\":\"https:\\\/\\\/vile.si\\\/#organization\",\"name\":\"Sanjske vile\",\"url\":\"https:\\\/\\\/vile.si\\\/\",\"logo\":{\"@type\":\"ImageObject\",\"inLanguage\":\"en-GB\",\"@id\":\"https:\\\/\\\/vile.si\\\/#\\\/schema\\\/logo\\\/image\\\/\",\"url\":\"https:\\\/\\\/vile.si\\\/wp-content\\\/uploads\\\/2020\\\/09\\\/5d8f593a03e48033244178.jpg\",\"contentUrl\":\"https:\\\/\\\/vile.si\\\/wp-content\\\/uploads\\\/2020\\\/09\\\/5d8f593a03e48033244178.jpg\",\"width\":1920,\"height\":1080,\"caption\":\"Sanjske vile\"},\"image\":{\"@id\":\"https:\\\/\\\/vile.si\\\/#\\\/schema\\\/logo\\\/image\\\/\"}}]}<\/script>\n<!-- \/ Yoast SEO plugin. -->","yoast_head_json":{"title":"O nas &#187; Vile.si","robots":{"index":"index","follow":"follow","max-snippet":"max-snippet:-1","max-image-preview":"max-image-preview:large","max-video-preview":"max-video-preview:-1"},"canonical":"https:\/\/vile.si\/en\/o-nas\/","og_locale":"en_GB","og_type":"article","og_title":"O nas &#187; Vile.si","og_url":"https:\/\/vile.si\/en\/o-nas\/","og_site_name":"Vile.si","article_modified_time":"2023-03-15T13:09:07+00:00","og_image":[{"url":"https:\/\/vile.si\/wp-content\/uploads\/2016\/03\/theme_urbanpoint_img7_new.png","type":"","width":"","height":""}],"twitter_card":"summary_large_image","twitter_misc":{"Estimated reading time":"3 minutes"},"schema":{"@context":"https:\/\/schema.org","@graph":[{"@type":"WebPage","@id":"https:\/\/vile.si\/o-nas\/","url":"https:\/\/vile.si\/o-nas\/","name":"O nas &#187; Vile.si","isPartOf":{"@id":"https:\/\/vile.si\/#website"},"primaryImageOfPage":{"@id":"https:\/\/vile.si\/o-nas\/#primaryimage"},"image":{"@id":"https:\/\/vile.si\/o-nas\/#primaryimage"},"thumbnailUrl":"https:\/\/vile.si\/wp-content\/uploads\/2016\/03\/theme_urbanpoint_img7_new.png","datePublished":"2016-03-21T07:11:16+00:00","dateModified":"2023-03-15T13:09:07+00:00","breadcrumb":{"@id":"https:\/\/vile.si\/o-nas\/#breadcrumb"},"inLanguage":"en-GB","potentialAction":[{"@type":"ReadAction","target":["https:\/\/vile.si\/o-nas\/"]}]},{"@type":"ImageObject","inLanguage":"en-GB","@id":"https:\/\/vile.si\/o-nas\/#primaryimage","url":"https:\/\/vile.si\/wp-content\/uploads\/2016\/03\/theme_urbanpoint_img7_new.png","contentUrl":"https:\/\/vile.si\/wp-content\/uploads\/2016\/03\/theme_urbanpoint_img7_new.png"},{"@type":"BreadcrumbList","@id":"https:\/\/vile.si\/o-nas\/#breadcrumb","itemListElement":[{"@type":"ListItem","position":1,"name":"Home","item":"https:\/\/vile.si\/"},{"@type":"ListItem","position":2,"name":"O nas"}]},{"@type":"WebSite","@id":"https:\/\/vile.si\/#website","url":"https:\/\/vile.si\/","name":"Vile.si","description":"luksuzne vile","publisher":{"@id":"https:\/\/vile.si\/#organization"},"potentialAction":[{"@type":"SearchAction","target":{"@type":"EntryPoint","urlTemplate":"https:\/\/vile.si\/?s={search_term_string}"},"query-input":{"@type":"PropertyValueSpecification","valueRequired":true,"valueName":"search_term_string"}}],"inLanguage":"en-GB"},{"@type":"Organization","@id":"https:\/\/vile.si\/#organization","name":"Sanjske vile","url":"https:\/\/vile.si\/","logo":{"@type":"ImageObject","inLanguage":"en-GB","@id":"https:\/\/vile.si\/#\/schema\/logo\/image\/","url":"https:\/\/vile.si\/wp-content\/uploads\/2020\/09\/5d8f593a03e48033244178.jpg","contentUrl":"https:\/\/vile.si\/wp-content\/uploads\/2020\/09\/5d8f593a03e48033244178.jpg","width":1920,"height":1080,"caption":"Sanjske vile"},"image":{"@id":"https:\/\/vile.si\/#\/schema\/logo\/image\/"}}]}},"_links":{"self":[{"href":"https:\/\/vile.si\/en\/wp-json\/wp\/v2\/pages\/2020","targetHints":{"allow":["GET"]}}],"collection":[{"href":"https:\/\/vile.si\/en\/wp-json\/wp\/v2\/pages"}],"about":[{"href":"https:\/\/vile.si\/en\/wp-json\/wp\/v2\/types\/page"}],"author":[{"embeddable":true,"href":"https:\/\/vile.si\/en\/wp-json\/wp\/v2\/users\/1"}],"replies":[{"embeddable":true,"href":"https:\/\/vile.si\/en\/wp-json\/wp\/v2\/comments?post=2020"}],"version-history":[{"count":91,"href":"https:\/\/vile.si\/en\/wp-json\/wp\/v2\/pages\/2020\/revisions"}],"predecessor-version":[{"id":9833,"href":"https:\/\/vile.si\/en\/wp-json\/wp\/v2\/pages\/2020\/revisions\/9833"}],"wp:attachment":[{"href":"https:\/\/vile.si\/en\/wp-json\/wp\/v2\/media?parent=2020"}],"curies":[{"name":"wp","href":"https:\/\/api.w.org\/{rel}","templated":true}]}}